{"id":70,"date":"2015-03-03T10:39:34","date_gmt":"2015-03-03T10:39:34","guid":{"rendered":"http:\/\/www.carroceriascope.com\/?page_id=70"},"modified":"2021-04-04T14:08:28","modified_gmt":"2021-04-04T12:08:28","slug":"politica-de-privacidad","status":"publish","type":"page","link":"https:\/\/www.carroceriascope.com\/?page_id=70","title":{"rendered":"Pol\u00edtica de privacidad &#8211; Avisos legales"},"content":{"rendered":"<section id=\"content\" class=\"content\">\n<div id=\"post-197\" class=\"post-197 page type-page status-publish has-post-thumbnail hentry post-has-thumbnail\">\n<div class=\"page-content\">\n<p><strong>PROTECCION DE DATOS FERNANDO\u00a0FERN\u00c1NDEZ COP\u00c9 \u2013 CARROCER\u00cdAS FERN\u00c1NDEZ COP\u00c9<br \/>\n<\/strong><\/p>\n<p>La empresa garantiza a los usuarios de la p\u00e1gina web que cumple con el Reglamento General de Protecci\u00f3n de Datos (UE) 2016\/679, y que ha establecido las medidas de seguridad exigidas por las leyes y reglamentos destinados a preservar el secreto, confidencialidad e integridad en el tratamiento de los datos personales.<br \/>\nDichos datos personales ser\u00e1n utilizados en la forma y con las limitaciones y derechos que concede la protecci\u00f3n de datos de car\u00e1cter personal.<br \/>\nLa recogida y tratamiento de los datos personales solicitados tiene como finalidad la atenci\u00f3n al usuario, tanto administrativa como comercial. Fernando Fern\u00e1ndez Cop\u00e9 como representante de Carrocer\u00edas Fern\u00e1ndez Cop\u00e9, se compromete a guardar la m\u00e1xima reserva, secreto y confidencialidad sobre la informaci\u00f3n de los datos personales que tiene a su disposici\u00f3n. Usted tiene derecho a obtener confirmaci\u00f3n sobre si estamos tratando sus datos personales, y por tanto tiene derecho a acceder los mismos, rectificar los datos inexactos o solicitar su supresi\u00f3n cuando los datos ya no sean necesarios para los fines recogidos.<\/p>\n<p><strong>AVISO LEGAL LSSI-CE<\/strong><\/p>\n<p>En cumplimiento de la Ley 34\/2002 de 11 de julio, de Servicios de la Informaci\u00f3n y de Comercio Electr\u00f3nico (LSSI-CE), la entidad Fernando Fern\u00e1ndez cop\u00e9 le informa que es titular del sitio web. De acuerdo con la exigencia del art\u00edculo 10 de la citada Ley, informa de los siguientes datos:<\/p>\n<p>El titular de este sitio web es: Fernando Fern\u00e1ndez Cop\u00e9<br \/>\nNIF: 51990858-W<br \/>\nDomicilio Social: Calle Carlos aurioles N\u00ba44. CP 28018, MADRID \u2013\u00a0Espa\u00f1a.<\/p>\n<p><strong>USUARIOS<\/strong><\/p>\n<p>El acceso y\/o uso de este portal le atribuye la condici\u00f3n de USUARIO, que acepta, desde dicho acceso y\/o uso, las Condiciones Generales de Uso aqu\u00ed reflejadas. Las citadas condiciones ser\u00e1n de aplicaci\u00f3n independientemente de las Condiciones Generales de Contrataci\u00f3n que en su caso resulten de obligado cumplimiento.<\/p>\n<p><strong>USO DEL PORTAL\u00a0<\/strong><\/p>\n<p>La p\u00e1gina web proporciona el acceso a multitud de informaciones, servicios, programas o datos (en adelante \u201clos contenidos\u201d) en Internet, pertenecientes a Fernando Fern\u00e1ndez Cop\u00e9 o a sus licenciantes, a los que el usuario tiene acceso. El usuario asume, por tanto, la responsabilidad del uso de este portal. Dicha responsabilidad se extiende al registro que fuese necesario para acceder a determinados servicios o contenidos.<br \/>\nEn dicho registro el USUARIO ser\u00e1 responsable de aportar informaci\u00f3n veraz y l\u00edcita. Como consecuencia de este registro, al USUARIO se le puede proporcionar una contrase\u00f1a de la que ser\u00e1 responsable, comprometi\u00e9ndose a hacer de la misma un uso diligente y confidencial. El USUARIO se compromete a hacer un uso adecuado de los contenidos y servicios que Fernando Fern\u00e1ndez cop\u00e9 ofrece a trav\u00e9s de su portal y, con car\u00e1cter enunciativo pro no limitativo, a no emplearlos para:<br \/>\n(I) incurrir en actividades il\u00edcitas, ilegales o contrarias a la buena fe y al orden p\u00fablico<br \/>\n(II) difundir contenidos de car\u00e1cter racista, xen\u00f3fobo, pornogr\u00e1fico e liegal<br \/>\n(III) provocar da\u00f1os en los sistemas de Fernando Fern\u00e1ndez Cop\u00e9, de sus proveedores o de terceras personas, introducir o difundir en la red virus inform\u00e1ticos o cualesquiera otros sistemas que sean susceptibles de provocar los da\u00f1os mencionados<br \/>\n(IV) intentar acceder y, en su caso, utilizar las cuentas de correo electr\u00f3nico de otros usuarios y modificar o manipular sus mensajes. Fernando Fern\u00e1ndez Cop\u00e9 se reserva el derecho de retirar todos aquellos comentarios y aportaciones que vulneren en respeto a la dignidad de las personas, sean discriminatorios, xen\u00f3fobos, racistas, que atenten contra la infancia, el orden o la seguridad p\u00fablica o que, a su juicio, no resultaran adecuados para su publicaci\u00f3n. En cualquier caso, Fernando Fern\u00e1ndez Cop\u00e9 NO ser\u00e1 responsable de las opiniones vertidas por los usuarios a trav\u00e9s de foros, chats u otras herramientas de participaci\u00f3n.<\/p>\n<p><strong>PROPIEDAD INTELECTUAL E INDUSTRIAL<\/strong><\/p>\n<p>Fernando Fern\u00e1ndez Cop\u00e9 ser\u00e1 titular de todos los derechos de propiedad intelectual e industrial de su p\u00e1gina web, as\u00ed como de los elementos contenidos en la misma (a t\u00edtulo enunciativo im\u00e1genes, sonido, audio, v\u00eddeo, textos, marcas, logotipos, estructura y dise\u00f1o, selecci\u00f3n de materiales usados, programas de ordenador necesarios para su funcionamiento y uso, etc.)<br \/>\nTodos los derechos reservados. En virtud de lo dispuesto en los art\u00edculos 8 y 32.1, p\u00e1rrafo segundo, de la Ley de Propiedad Intelectual, quedan EXPRESAMENTE PROHIBIDAS la reproducci\u00f3n, la distribuci\u00f3n y la comunicaci\u00f3n p\u00fablica, incluida su modalidad de puesta a disposici\u00f3n, de la totalidad o parte de los contenidos de esta p\u00e1gina web, con fines comerciales, en cualquier soporte y por cualquier medio t\u00e9cnico, sin la autorizaci\u00f3n de Fernando Fern\u00e1ndez Cop\u00e9. El USUARIO se compromete a respetar los derechos de Propiedad Intelectual e Industrial titularidad de Fernando Fern\u00e1ndez Cop\u00e9. El usuario deber\u00e1 abstenerse de suprimir, alterar, eludir o manipular cualquier dispositivo de protecci\u00f3n o sistema de seguridad que estuviera instalado en las p\u00e1ginas de Fernando Fern\u00e1ndez Cop\u00e9.<\/p>\n<p><strong>EXCLUSION DE GARANTIAS Y RESPONSABILIDAD<\/strong><\/p>\n<p>Fernando Fern\u00e1ndez Cop\u00e9 no se hace responsable, en ning\u00fan caso, de los da\u00f1os y perjuicios de cualquier naturaleza que pudieran ocasionar, a t\u00edtulo enunciativo: errores u omisiones en los contenidos, falta de disponibilidad del portal o transmisi\u00f3n de virus y\/o programas maliciosos o lesivos, a pesar de haber adoptado todas las medidas tecnol\u00f3gicas necesarias para evitarlo.<\/p>\n<p><strong>MODIFICACIONES<\/strong><\/p>\n<p>Fernando Fern\u00e1ndez Cop\u00e9 se reserva el derecho de efectuar, sin previo aviso, las modificaciones que considere oportunas en su portal, pudiendo cambiar, suprimir o a\u00f1adir tanto los contenidos y servicios que se prestan a trav\u00e9s del mismo, como la forma en que \u00e9stos aparecen presentados o localizados en su portal.<\/p>\n<\/div>\n<\/div>\n<\/section>\n<div class=\"fcbkbttn_buttons_block\" id=\"fcbkbttn_left\"><div class=\"fcbkbttn_button\">\n                            <a href=\"https:\/\/www.facebook.com\/423480001150702\" target=\"_blank\">\n                                <img src=\"http:\/\/www.carroceriascope.com\/wp-content\/plugins\/facebook-button-plugin\/images\/standard-facebook-ico.png\" alt=\"Fb-Button\" \/>\n                            <\/a>\n                        <\/div><div class=\"fcbkbttn_like \"><fb:like href=\"https:\/\/www.carroceriascope.com\/?page_id=70\" action=\"like\" colorscheme=\"light\" layout=\"button_count\"  size=\"small\"><\/fb:like><\/div><div class=\"fb-share-button  \" data-href=\"https:\/\/www.carroceriascope.com\/?page_id=70\" data-type=\"button_count\" data-size=\"small\"><\/div><\/div>","protected":false},"excerpt":{"rendered":"<p>PROTECCION DE DATOS FERNANDO\u00a0FERN\u00c1NDEZ COP\u00c9 \u2013 CARROCER\u00cdAS FERN\u00c1NDEZ COP\u00c9 La empresa garantiza a los usuarios de la p\u00e1gina web que cumple con el Reglamento General &hellip;<\/p>\n","protected":false},"author":1,"featured_media":0,"parent":0,"menu_order":3,"comment_status":"closed","ping_status":"closed","template":"template-full.php","meta":[],"_links":{"self":[{"href":"https:\/\/www.carroceriascope.com\/index.php?rest_route=\/wp\/v2\/pages\/70"}],"collection":[{"href":"https:\/\/www.carroceriascope.com\/index.php?rest_route=\/wp\/v2\/pages"}],"about":[{"href":"https:\/\/www.carroceriascope.com\/index.php?rest_route=\/wp\/v2\/types\/page"}],"author":[{"embeddable":true,"href":"https:\/\/www.carroceriascope.com\/index.php?rest_route=\/wp\/v2\/users\/1"}],"replies":[{"embeddable":true,"href":"https:\/\/www.carroceriascope.com\/index.php?rest_route=%2Fwp%2Fv2%2Fcomments&post=70"}],"version-history":[{"count":15,"href":"https:\/\/www.carroceriascope.com\/index.php?rest_route=\/wp\/v2\/pages\/70\/revisions"}],"predecessor-version":[{"id":213,"href":"https:\/\/www.carroceriascope.com\/index.php?rest_route=\/wp\/v2\/pages\/70\/revisions\/213"}],"wp:attachment":[{"href":"https:\/\/www.carroceriascope.com\/index.php?rest_route=%2Fwp%2Fv2%2Fmedia&parent=70"}],"curies":[{"name":"wp","href":"https:\/\/api.w.org\/{rel}","templated":true}]}}