{"id":21,"date":"2015-03-02T17:23:28","date_gmt":"2015-03-02T17:23:28","guid":{"rendered":"http:\/\/www.carroceriascope.com\/?page_id=21"},"modified":"2015-05-08T19:58:39","modified_gmt":"2015-05-08T17:58:39","slug":"servicios-integrales","status":"publish","type":"page","link":"https:\/\/www.carroceriascope.com\/?page_id=21","title":{"rendered":"Carrocer\u00edas Fern\u00e1ndez Cop\u00e9"},"content":{"rendered":"<p>TEL. 91 785 42 91.<\/p>\n<p>C\/ Carlos Aurioles, 44,<\/p>\n<p>28018 &#8211; Madrid<\/p>\n<div class=\"fcbkbttn_buttons_block\" id=\"fcbkbttn_left\"><div class=\"fcbkbttn_button\">\n                            <a href=\"https:\/\/www.facebook.com\/423480001150702\" target=\"_blank\">\n                                <img src=\"http:\/\/www.carroceriascope.com\/wp-content\/plugins\/facebook-button-plugin\/images\/standard-facebook-ico.png\" alt=\"Fb-Button\" \/>\n                            <\/a>\n                        <\/div><div class=\"fcbkbttn_like \"><fb:like href=\"https:\/\/www.carroceriascope.com\/?page_id=21\" action=\"like\" colorscheme=\"light\" layout=\"button_count\"  size=\"small\"><\/fb:like><\/div><div class=\"fb-share-button  \" data-href=\"https:\/\/www.carroceriascope.com\/?page_id=21\" data-type=\"button_count\" data-size=\"small\"><\/div><\/div>","protected":false},"excerpt":{"rendered":"<p>TEL. 91 785 42 91. C\/ Carlos Aurioles, 44, 28018 &#8211; Madrid<\/p>\n","protected":false},"author":1,"featured_media":147,"parent":0,"menu_order":0,"comment_status":"closed","ping_status":"closed","template":"template-full.php","meta":[],"_links":{"self":[{"href":"https:\/\/www.carroceriascope.com\/index.php?rest_route=\/wp\/v2\/pages\/21"}],"collection":[{"href":"https:\/\/www.carroceriascope.com\/index.php?rest_route=\/wp\/v2\/pages"}],"about":[{"href":"https:\/\/www.carroceriascope.com\/index.php?rest_route=\/wp\/v2\/types\/page"}],"author":[{"embeddable":true,"href":"https:\/\/www.carroceriascope.com\/index.php?rest_route=\/wp\/v2\/users\/1"}],"replies":[{"embeddable":true,"href":"https:\/\/www.carroceriascope.com\/index.php?rest_route=%2Fwp%2Fv2%2Fcomments&post=21"}],"version-history":[{"count":6,"href":"https:\/\/www.carroceriascope.com\/index.php?rest_route=\/wp\/v2\/pages\/21\/revisions"}],"predecessor-version":[{"id":107,"href":"https:\/\/www.carroceriascope.com\/index.php?rest_route=\/wp\/v2\/pages\/21\/revisions\/107"}],"wp:featuredmedia":[{"embeddable":true,"href":"https:\/\/www.carroceriascope.com\/index.php?rest_route=\/wp\/v2\/media\/147"}],"wp:attachment":[{"href":"https:\/\/www.carroceriascope.com\/index.php?rest_route=%2Fwp%2Fv2%2Fmedia&parent=21"}],"curies":[{"name":"wp","href":"https:\/\/api.w.org\/{rel}","templated":true}]}}