{"id":18,"date":"2015-03-02T17:21:04","date_gmt":"2015-03-02T15:21:04","guid":{"rendered":"http:\/\/www.carroceriascope.com\/?page_id=18"},"modified":"2021-04-02T12:30:00","modified_gmt":"2021-04-02T10:30:00","slug":"carrocerias-fernandez-cope","status":"publish","type":"page","link":"https:\/\/www.carroceriascope.com\/?page_id=18","title":{"rendered":"Carrocer\u00edas Fern\u00e1ndez Cop\u00e9"},"content":{"rendered":"<p>TEL. 91 785 42 91.<\/p>\n<p>C\/ Carlos Aurioles, 44,<\/p>\n<p>28018 &#8211; Madrid<\/p>\n<div class=\"fcbkbttn_buttons_block\" id=\"fcbkbttn_left\"><div class=\"fcbkbttn_button\">\n                            <a href=\"https:\/\/www.facebook.com\/423480001150702\" target=\"_blank\">\n                                <img src=\"http:\/\/www.carroceriascope.com\/wp-content\/plugins\/facebook-button-plugin\/images\/standard-facebook-ico.png\" alt=\"Fb-Button\" \/>\n                            <\/a>\n                        <\/div><div class=\"fcbkbttn_like \"><fb:like href=\"https:\/\/www.carroceriascope.com\/?page_id=18\" action=\"like\" colorscheme=\"light\" layout=\"button_count\"  size=\"small\"><\/fb:like><\/div><div class=\"fb-share-button  \" data-href=\"https:\/\/www.carroceriascope.com\/?page_id=18\" data-type=\"button_count\" data-size=\"small\"><\/div><\/div>","protected":false},"excerpt":{"rendered":"<p>TEL. 91 785 42 91. C\/ Carlos Aurioles, 44, 28018 &#8211; Madrid<\/p>\n","protected":false},"author":1,"featured_media":189,"parent":0,"menu_order":0,"comment_status":"closed","ping_status":"closed","template":"template-full.php","meta":[],"_links":{"self":[{"href":"https:\/\/www.carroceriascope.com\/index.php?rest_route=\/wp\/v2\/pages\/18"}],"collection":[{"href":"https:\/\/www.carroceriascope.com\/index.php?rest_route=\/wp\/v2\/pages"}],"about":[{"href":"https:\/\/www.carroceriascope.com\/index.php?rest_route=\/wp\/v2\/types\/page"}],"author":[{"embeddable":true,"href":"https:\/\/www.carroceriascope.com\/index.php?rest_route=\/wp\/v2\/users\/1"}],"replies":[{"embeddable":true,"href":"https:\/\/www.carroceriascope.com\/index.php?rest_route=%2Fwp%2Fv2%2Fcomments&post=18"}],"version-history":[{"count":15,"href":"https:\/\/www.carroceriascope.com\/index.php?rest_route=\/wp\/v2\/pages\/18\/revisions"}],"predecessor-version":[{"id":165,"href":"https:\/\/www.carroceriascope.com\/index.php?rest_route=\/wp\/v2\/pages\/18\/revisions\/165"}],"wp:featuredmedia":[{"embeddable":true,"href":"https:\/\/www.carroceriascope.com\/index.php?rest_route=\/wp\/v2\/media\/189"}],"wp:attachment":[{"href":"https:\/\/www.carroceriascope.com\/index.php?rest_route=%2Fwp%2Fv2%2Fmedia&parent=18"}],"curies":[{"name":"wp","href":"https:\/\/api.w.org\/{rel}","templated":true}]}}