{"id":13,"date":"2015-03-02T16:48:36","date_gmt":"2015-03-02T14:48:36","guid":{"rendered":"http:\/\/www.carroceriascope.com\/?page_id=13"},"modified":"2015-05-08T20:05:45","modified_gmt":"2015-05-08T18:05:45","slug":"servicios-ofrecidos","status":"publish","type":"page","link":"https:\/\/www.carroceriascope.com\/?page_id=13","title":{"rendered":"Servicios ofrecidos"},"content":{"rendered":"<p style=\"text-align: left;\"><a href=\"http:\/\/www.carroceriascope.com\/wp-content\/uploads\/2015\/03\/IMG_20150506_103340526.jpg\"><img loading=\"lazy\" class=\" size-medium wp-image-129 alignleft\" src=\"http:\/\/www.carroceriascope.com\/wp-content\/uploads\/2015\/03\/IMG_20150506_103340526-169x300.jpg\" alt=\"IMG_20150506_103340526\" width=\"169\" height=\"300\" srcset=\"https:\/\/www.carroceriascope.com\/wp-content\/uploads\/2015\/03\/IMG_20150506_103340526-169x300.jpg 169w, https:\/\/www.carroceriascope.com\/wp-content\/uploads\/2015\/03\/IMG_20150506_103340526-575x1024.jpg 575w, https:\/\/www.carroceriascope.com\/wp-content\/uploads\/2015\/03\/IMG_20150506_103340526.jpg 1456w\" sizes=\"(max-width: 169px) 100vw, 169px\" \/><\/a><\/p>\n<p style=\"text-align: left;\">Chapa y Pintura<\/p>\n<p style=\"text-align: left;\">Los servicios de chapa y pintura en <em>Carrocer\u00edas Fern\u00e1ndez Cop\u00e9<\/em> se llevan a cabo siguiendo un exhaustivo control\u00a0de calidad. Nuestro equipo de t\u00e9cnicos expertos despliegan toda su formaci\u00f3n y amplia experiencia, ayud\u00e1ndose de la tecnolog\u00eda m\u00e1s puntera en el sector. Sin importar la gravedad de los desperfectos, garantizamos un acabado perfecto\u00a0en la restauraci\u00f3n de su veh\u00edculo consiguiendo las\u00a0m\u00e1ximas prestaciones, seguridad y confort.<\/p>\n<p style=\"text-align: left;\">P\u00eddanos presupuesto sin compromiso.<\/p>\n<div class=\"fcbkbttn_buttons_block\" id=\"fcbkbttn_left\"><div class=\"fcbkbttn_button\">\n                            <a href=\"https:\/\/www.facebook.com\/423480001150702\" target=\"_blank\">\n                                <img src=\"http:\/\/www.carroceriascope.com\/wp-content\/plugins\/facebook-button-plugin\/images\/standard-facebook-ico.png\" alt=\"Fb-Button\" \/>\n                            <\/a>\n                        <\/div><div class=\"fcbkbttn_like \"><fb:like href=\"https:\/\/www.carroceriascope.com\/?page_id=13\" action=\"like\" colorscheme=\"light\" layout=\"button_count\"  size=\"small\"><\/fb:like><\/div><div class=\"fb-share-button  \" data-href=\"https:\/\/www.carroceriascope.com\/?page_id=13\" data-type=\"button_count\" data-size=\"small\"><\/div><\/div>","protected":false},"excerpt":{"rendered":"<p>Realizo un servicio completo de analisis de empresas, desde la gesti\u00f3n de riesgos hasta la organizaci\u00f3n de la producci\u00f3n. Adaptado a sus necesidades.<\/p>\n","protected":false},"author":1,"featured_media":0,"parent":0,"menu_order":3,"comment_status":"closed","ping_status":"closed","template":"template-full.php","meta":[],"_links":{"self":[{"href":"https:\/\/www.carroceriascope.com\/index.php?rest_route=\/wp\/v2\/pages\/13"}],"collection":[{"href":"https:\/\/www.carroceriascope.com\/index.php?rest_route=\/wp\/v2\/pages"}],"about":[{"href":"https:\/\/www.carroceriascope.com\/index.php?rest_route=\/wp\/v2\/types\/page"}],"author":[{"embeddable":true,"href":"https:\/\/www.carroceriascope.com\/index.php?rest_route=\/wp\/v2\/users\/1"}],"replies":[{"embeddable":true,"href":"https:\/\/www.carroceriascope.com\/index.php?rest_route=%2Fwp%2Fv2%2Fcomments&post=13"}],"version-history":[{"count":16,"href":"https:\/\/www.carroceriascope.com\/index.php?rest_route=\/wp\/v2\/pages\/13\/revisions"}],"predecessor-version":[{"id":166,"href":"https:\/\/www.carroceriascope.com\/index.php?rest_route=\/wp\/v2\/pages\/13\/revisions\/166"}],"wp:attachment":[{"href":"https:\/\/www.carroceriascope.com\/index.php?rest_route=%2Fwp%2Fv2%2Fmedia&parent=13"}],"curies":[{"name":"wp","href":"https:\/\/api.w.org\/{rel}","templated":true}]}}