{"id":11,"date":"2015-03-02T16:47:13","date_gmt":"2015-03-02T14:47:13","guid":{"rendered":"http:\/\/www.carroceriascope.com\/?page_id=11"},"modified":"2021-04-03T10:27:22","modified_gmt":"2021-04-03T08:27:22","slug":"sobre-nosotros","status":"publish","type":"page","link":"https:\/\/www.carroceriascope.com\/?page_id=11","title":{"rendered":"Sobre nosotros"},"content":{"rendered":"<p><a href=\"http:\/\/www.carroceriascope.com\/wp-content\/uploads\/2015\/03\/Carrocer\u00edas-Fern\u00e1ndez-Cop\u00e9-Madrid.-Chapa-y-pintura-03.jpg\"><img loading=\"lazy\" class=\"alignright wp-image-148 size-medium\" src=\"http:\/\/www.carroceriascope.com\/wp-content\/uploads\/2015\/03\/Carrocer\u00edas-Fern\u00e1ndez-Cop\u00e9-Madrid.-Chapa-y-pintura-03-169x300.jpg\" alt=\"Carrocer\u00edas Fernandez Cope. Taller Multimarca Madrid\" width=\"169\" height=\"300\" srcset=\"https:\/\/www.carroceriascope.com\/wp-content\/uploads\/2015\/03\/Carrocer\u00edas-Fern\u00e1ndez-Cop\u00e9-Madrid.-Chapa-y-pintura-03-169x300.jpg 169w, https:\/\/www.carroceriascope.com\/wp-content\/uploads\/2015\/03\/Carrocer\u00edas-Fern\u00e1ndez-Cop\u00e9-Madrid.-Chapa-y-pintura-03-575x1024.jpg 575w, https:\/\/www.carroceriascope.com\/wp-content\/uploads\/2015\/03\/Carrocer\u00edas-Fern\u00e1ndez-Cop\u00e9-Madrid.-Chapa-y-pintura-03.jpg 1456w\" sizes=\"(max-width: 169px) 100vw, 169px\" \/><\/a><\/p>\n<p>Carrocer\u00edas Fern\u00e1ndez Cop\u00e9 es una empresa dedicada a la reparaci\u00f3n de autom\u00f3viles en el sector de la chapa y pintura, somos uno de los talleres m\u00e1s representativos del sector en la provincia de Madrid y contamos con amplia experiencia. Nuestro equipo de trabajadores junto con la maquinaria m\u00e1s avanzada y los mejores materiales garantizan una reparaci\u00f3n y un acabado excepcional para cualquier desperfecto que haya tenido lugar en su veh\u00edculo.<\/p>\n<p>Trabajamos con todas las compa\u00f1\u00edas de seguros y facilitamos veh\u00edculo de sustituci\u00f3n en el caso de que el cliente lo necesite durante el periodo de reparaci\u00f3n del veh\u00edculo.<\/p>\n<p>Todos nuestros trabajos est\u00e1n garantizados.<\/p>\n<p>Pueden encontrarnos en la Calle Carlos Aurioles N\u00ba44, Madrid de\u00a08.30 a 14:00 y de 15.30 a 19:30.<\/p>\n<div class=\"fcbkbttn_buttons_block\" id=\"fcbkbttn_left\"><div class=\"fcbkbttn_button\">\n                            <a href=\"https:\/\/www.facebook.com\/423480001150702\" target=\"_blank\">\n                                <img src=\"http:\/\/www.carroceriascope.com\/wp-content\/plugins\/facebook-button-plugin\/images\/standard-facebook-ico.png\" alt=\"Fb-Button\" \/>\n                            <\/a>\n                        <\/div><div class=\"fcbkbttn_like \"><fb:like href=\"https:\/\/www.carroceriascope.com\/?page_id=11\" action=\"like\" colorscheme=\"light\" layout=\"button_count\"  size=\"small\"><\/fb:like><\/div><div class=\"fb-share-button  \" data-href=\"https:\/\/www.carroceriascope.com\/?page_id=11\" data-type=\"button_count\" data-size=\"small\"><\/div><\/div>","protected":false},"excerpt":{"rendered":"<p>Taller de chapa y pintura multimarca<\/p>\n","protected":false},"author":1,"featured_media":0,"parent":0,"menu_order":1,"comment_status":"closed","ping_status":"closed","template":"template-full.php","meta":[],"_links":{"self":[{"href":"https:\/\/www.carroceriascope.com\/index.php?rest_route=\/wp\/v2\/pages\/11"}],"collection":[{"href":"https:\/\/www.carroceriascope.com\/index.php?rest_route=\/wp\/v2\/pages"}],"about":[{"href":"https:\/\/www.carroceriascope.com\/index.php?rest_route=\/wp\/v2\/types\/page"}],"author":[{"embeddable":true,"href":"https:\/\/www.carroceriascope.com\/index.php?rest_route=\/wp\/v2\/users\/1"}],"replies":[{"embeddable":true,"href":"https:\/\/www.carroceriascope.com\/index.php?rest_route=%2Fwp%2Fv2%2Fcomments&post=11"}],"version-history":[{"count":19,"href":"https:\/\/www.carroceriascope.com\/index.php?rest_route=\/wp\/v2\/pages\/11\/revisions"}],"predecessor-version":[{"id":150,"href":"https:\/\/www.carroceriascope.com\/index.php?rest_route=\/wp\/v2\/pages\/11\/revisions\/150"}],"wp:attachment":[{"href":"https:\/\/www.carroceriascope.com\/index.php?rest_route=%2Fwp%2Fv2%2Fmedia&parent=11"}],"curies":[{"name":"wp","href":"https:\/\/api.w.org\/{rel}","templated":true}]}}